{"id":1303,"date":"2017-03-17T23:58:02","date_gmt":"2017-03-17T23:58:02","guid":{"rendered":"https:\/\/saboresaltaneiros.pt\/sobre-nos\/"},"modified":"2017-03-17T23:58:02","modified_gmt":"2017-03-17T23:58:02","slug":"sobre-nos","status":"publish","type":"page","link":"https:\/\/saboresaltaneiros.pt\/?page_id=1303","title":{"rendered":"Sobre n\u00f3s"},"content":{"rendered":"<h1><strong>Sobre n\u00f3s<\/strong><\/h1>\n<p><span>Com sede em Manteigas e com uma atividade direcionada para as \u00e1reas de turismo, cria\u00e7\u00e3o de caprinos e produ\u00e7\u00e3o\/comercializa\u00e7\u00e3o de produtos regionais, o Grupo Sabores Altaneiros, (cuja designa\u00e7\u00e3o significa que voa ou sobe a\u00a0<\/span>grande altura\/altitude), tem como ambi\u00e7\u00e3o ser reconhecido como uma refer\u00eancia no desenvolvimento sustent\u00e1vel e na dissemina\u00e7\u00e3o do que se faz de melhor na Serra da Estrela.<\/p>\n<p><span>\u00a0<\/span>Na \u00e1rea do <strong><em>Turismo de natureza e aventura<\/em><\/strong>, a nossa atua\u00e7\u00e3o centra-se na gest\u00e3o do Skiparque e complementarmente na oferta diversificada de programas \u201cchave na m\u00e3o\u201d, que incluem experi\u00eancias na Serra da Estrela (ski, percursos pedestres, raids, programas combinados para grupos, etc).<\/p>\n<p><span>\u00a0<\/span>Na \u00e1rea da <strong><em>produ\u00e7\u00e3o e comercializa\u00e7\u00e3o de produtos regionais da Serra da Estrela,<\/em><\/strong> oferecemos uma gama alargada de produtos, desde queijos a bolos e biscoitos tradicionais, passando pelo mel, azeite, enchidos, licores, compotas, e muitos outros produtos genu\u00ednos de qualidade excecional!<\/p>\n<p><span>Apoiamos e damos prefer\u00eancia a pequenos produtores locais, garantindo a tradi\u00e7\u00e3o, a autenticidade e a preserva\u00e7\u00e3o do conhecimento.<\/span><\/p>\n<p><span>\u00a0<\/span>Temos ainda <strong><em>rebanhos de cabras<\/em><\/strong>, contando neste momento com algumas centenas de animais, destinados \u00e0 produ\u00e7\u00e3o de carne e principalmente de leite, a mat\u00e9ria prima do nosso delicioso queijo de cabra.<\/p>\n<p><span>\u00a0<\/span><strong><span>Obrigado por preferir produtos genu\u00ednos da Serra da Estrela e optar pela marca Sabores Altaneiros!<\/span><\/strong><\/p>\n","protected":false},"excerpt":{"rendered":"<p>Sobre n\u00f3s Com sede em Manteigas e com uma atividade direcionada para as \u00e1reas de turismo, cria\u00e7\u00e3o de caprinos e produ\u00e7\u00e3o\/comercializa\u00e7\u00e3o de produtos regionais, o Grupo Sabores Altaneiros, (cuja designa\u00e7\u00e3o significa que voa ou sobe a\u00a0grande altura\/altitude), tem como ambi\u00e7\u00e3o ser reconhecido como uma refer\u00eancia no desenvolvimento sustent\u00e1vel e na dissemina\u00e7\u00e3o do que se faz [&hellip;]<\/p>\n","protected":false},"author":102,"featured_media":0,"parent":0,"menu_order":1,"comment_status":"closed","ping_status":"closed","template":"","meta":{"_eb_attr":"","ocean_post_layout":"","ocean_both_sidebars_style":"","ocean_both_sidebars_content_width":0,"ocean_both_sidebars_sidebars_width":0,"ocean_sidebar":"","ocean_second_sidebar":"","ocean_disable_margins":"enable","ocean_add_body_class":"","ocean_shortcode_before_top_bar":"","ocean_shortcode_after_top_bar":"","ocean_shortcode_before_header":"","ocean_shortcode_after_header":"","ocean_has_shortcode":"","ocean_shortcode_after_title":"","ocean_shortcode_before_footer_widgets":"","ocean_shortcode_after_footer_widgets":"","ocean_shortcode_before_footer_bottom":"","ocean_shortcode_after_footer_bottom":"","ocean_display_top_bar":"default","ocean_display_header":"default","ocean_header_style":"","ocean_center_header_left_menu":"","ocean_custom_header_template":"","ocean_custom_logo":0,"ocean_custom_retina_logo":0,"ocean_custom_logo_max_width":0,"ocean_custom_logo_tablet_max_width":0,"ocean_custom_logo_mobile_max_width":0,"ocean_custom_logo_max_height":0,"ocean_custom_logo_tablet_max_height":0,"ocean_custom_logo_mobile_max_height":0,"ocean_header_custom_menu":"","ocean_menu_typo_font_family":"","ocean_menu_typo_font_subset":"","ocean_menu_typo_font_size":0,"ocean_menu_typo_font_size_tablet":0,"ocean_menu_typo_font_size_mobile":0,"ocean_menu_typo_font_size_unit":"px","ocean_menu_typo_font_weight":"","ocean_menu_typo_font_weight_tablet":"","ocean_menu_typo_font_weight_mobile":"","ocean_menu_typo_transform":"","ocean_menu_typo_transform_tablet":"","ocean_menu_typo_transform_mobile":"","ocean_menu_typo_line_height":0,"ocean_menu_typo_line_height_tablet":0,"ocean_menu_typo_line_height_mobile":0,"ocean_menu_typo_line_height_unit":"","ocean_menu_typo_spacing":0,"ocean_menu_typo_spacing_tablet":0,"ocean_menu_typo_spacing_mobile":0,"ocean_menu_typo_spacing_unit":"","ocean_menu_link_color":"","ocean_menu_link_color_hover":"","ocean_menu_link_color_active":"","ocean_menu_link_background":"","ocean_menu_link_hover_background":"","ocean_menu_link_active_background":"","ocean_menu_social_links_bg":"","ocean_menu_social_hover_links_bg":"","ocean_menu_social_links_color":"","ocean_menu_social_hover_links_color":"","ocean_disable_title":"default","ocean_disable_heading":"default","ocean_post_title":"","ocean_post_subheading":"","ocean_post_title_style":"","ocean_post_title_background_color":"","ocean_post_title_background":0,"ocean_post_title_bg_image_position":"","ocean_post_title_bg_image_attachment":"","ocean_post_title_bg_image_repeat":"","ocean_post_title_bg_image_size":"","ocean_post_title_height":0,"ocean_post_title_bg_overlay":0.5,"ocean_post_title_bg_overlay_color":"","ocean_disable_breadcrumbs":"default","ocean_breadcrumbs_color":"","ocean_breadcrumbs_separator_color":"","ocean_breadcrumbs_links_color":"","ocean_breadcrumbs_links_hover_color":"","ocean_display_footer_widgets":"default","ocean_display_footer_bottom":"default","ocean_custom_footer_template":"","footnotes":""},"class_list":["post-1303","page","type-page","status-publish","hentry","entry","owp-thumbs-layout-horizontal","owp-btn-normal","owp-tabs-layout-horizontal","has-no-thumbnails","has-product-nav"],"_links":{"self":[{"href":"https:\/\/saboresaltaneiros.pt\/index.php?rest_route=\/wp\/v2\/pages\/1303","targetHints":{"allow":["GET"]}}],"collection":[{"href":"https:\/\/saboresaltaneiros.pt\/index.php?rest_route=\/wp\/v2\/pages"}],"about":[{"href":"https:\/\/saboresaltaneiros.pt\/index.php?rest_route=\/wp\/v2\/types\/page"}],"author":[{"embeddable":true,"href":"https:\/\/saboresaltaneiros.pt\/index.php?rest_route=\/wp\/v2\/users\/102"}],"replies":[{"embeddable":true,"href":"https:\/\/saboresaltaneiros.pt\/index.php?rest_route=%2Fwp%2Fv2%2Fcomments&post=1303"}],"version-history":[{"count":0,"href":"https:\/\/saboresaltaneiros.pt\/index.php?rest_route=\/wp\/v2\/pages\/1303\/revisions"}],"wp:attachment":[{"href":"https:\/\/saboresaltaneiros.pt\/index.php?rest_route=%2Fwp%2Fv2%2Fmedia&parent=1303"}],"curies":[{"name":"wp","href":"https:\/\/api.w.org\/{rel}","templated":true}]}}