{"id":1321,"date":"2018-01-08T23:56:02","date_gmt":"2018-01-08T23:56:02","guid":{"rendered":"https:\/\/saboresaltaneiros.pt\/produto\/bolachas-de-cerveja\/"},"modified":"2024-11-13T11:45:03","modified_gmt":"2024-11-13T11:45:03","slug":"bolachas-de-cerveja","status":"publish","type":"product","link":"https:\/\/saboresaltaneiros.pt\/?product=bolachas-de-cerveja","title":{"rendered":"Bolachas de Cerveja Sabores Altaneiros"},"content":{"rendered":"<p>Cont\u00e9m Gl\u00faten<\/p>\n<p>Ingredientes: A\u00e7\u00facar, farinha de trigo, cerveja e manteiga.<\/p>\n<p>Declara\u00e7\u00e3o nutricional: (informa\u00e7\u00e3o m\u00e9dia por cada 100gr) Energia 416 kcal \/1754 kj; L\u00edpidos 8,2g; doa quais saturados 2,7g; hidratos de carbono 78g; dos quais a\u00e7\u00facares 36g; fibra 4,3g; sal 0,32g; prote\u00ednas 5,2g.<\/p>\n<p>Produzido por:<\/p>\n<p>T\u00ea.\u00c9sse*<\/p>\n<p>S\u00edtio do Vale<\/p>\n<p>6250 &#8211; 021 Belmonte<\/p>\n<p>&nbsp;<\/p>\n","protected":false},"excerpt":{"rendered":"<p>As leves e saborosas bolachas de cerveja, estaladi\u00e7as e com leve sabor a cerveja, apesar de serem conhecidas de norte a sul, \u00e9 na Covilh\u00e3, que s\u00e3o tratadas como um doce regional.<\/p>\n<p>Peso: 230 Gr<\/p>\n","protected":false},"featured_media":1320,"comment_status":"open","ping_status":"closed","template":"","meta":{"_eb_attr":"","ocean_post_layout":"","ocean_both_sidebars_style":"","ocean_both_sidebars_content_width":0,"ocean_both_sidebars_sidebars_width":0,"ocean_sidebar":"","ocean_second_sidebar":"","ocean_disable_margins":"enable","ocean_add_body_class":"","ocean_shortcode_before_top_bar":"","ocean_shortcode_after_top_bar":"","ocean_shortcode_before_header":"","ocean_shortcode_after_header":"","ocean_has_shortcode":"","ocean_shortcode_after_title":"","ocean_shortcode_before_footer_widgets":"","ocean_shortcode_after_footer_widgets":"","ocean_shortcode_before_footer_bottom":"","ocean_shortcode_after_footer_bottom":"","ocean_display_top_bar":"default","ocean_display_header":"default","ocean_header_style":"","ocean_center_header_left_menu":"","ocean_custom_header_template":"","ocean_custom_logo":0,"ocean_custom_retina_logo":0,"ocean_custom_logo_max_width":0,"ocean_custom_logo_tablet_max_width":0,"ocean_custom_logo_mobile_max_width":0,"ocean_custom_logo_max_height":0,"ocean_custom_logo_tablet_max_height":0,"ocean_custom_logo_mobile_max_height":0,"ocean_header_custom_menu":"","ocean_menu_typo_font_family":"","ocean_menu_typo_font_subset":"","ocean_menu_typo_font_size":0,"ocean_menu_typo_font_size_tablet":0,"ocean_menu_typo_font_size_mobile":0,"ocean_menu_typo_font_size_unit":"px","ocean_menu_typo_font_weight":"","ocean_menu_typo_font_weight_tablet":"","ocean_menu_typo_font_weight_mobile":"","ocean_menu_typo_transform":"","ocean_menu_typo_transform_tablet":"","ocean_menu_typo_transform_mobile":"","ocean_menu_typo_line_height":0,"ocean_menu_typo_line_height_tablet":0,"ocean_menu_typo_line_height_mobile":0,"ocean_menu_typo_line_height_unit":"","ocean_menu_typo_spacing":0,"ocean_menu_typo_spacing_tablet":0,"ocean_menu_typo_spacing_mobile":0,"ocean_menu_typo_spacing_unit":"","ocean_menu_link_color":"","ocean_menu_link_color_hover":"","ocean_menu_link_color_active":"","ocean_menu_link_background":"","ocean_menu_link_hover_background":"","ocean_menu_link_active_background":"","ocean_menu_social_links_bg":"","ocean_menu_social_hover_links_bg":"","ocean_menu_social_links_color":"","ocean_menu_social_hover_links_color":"","ocean_disable_title":"default","ocean_disable_heading":"default","ocean_post_title":"","ocean_post_subheading":"","ocean_post_title_style":"","ocean_post_title_background_color":"","ocean_post_title_background":0,"ocean_post_title_bg_image_position":"","ocean_post_title_bg_image_attachment":"","ocean_post_title_bg_image_repeat":"","ocean_post_title_bg_image_size":"","ocean_post_title_height":0,"ocean_post_title_bg_overlay":0.5,"ocean_post_title_bg_overlay_color":"","ocean_disable_breadcrumbs":"default","ocean_breadcrumbs_color":"","ocean_breadcrumbs_separator_color":"","ocean_breadcrumbs_links_color":"","ocean_breadcrumbs_links_hover_color":"","ocean_display_footer_widgets":"default","ocean_display_footer_bottom":"default","ocean_custom_footer_template":""},"product_brand":[],"product_cat":[86,106],"product_tag":[196],"class_list":{"0":"post-1321","1":"product","2":"type-product","3":"status-publish","4":"has-post-thumbnail","6":"product_cat-bolos-e-bolachas","7":"product_cat-promocoes","8":"product_tag-promocao-valida-de-30-de-setembro-2024-a-30-novembro-2024","10":"entry","11":"has-media","13":"first","14":"instock","15":"sale","16":"shipping-taxable","17":"purchasable","18":"product-type-simple","19":"has-product-nav","20":"col","21":"span_1_of_3","22":"owp-content-center","23":"owp-thumbs-layout-horizontal","24":"owp-btn-normal","25":"owp-tabs-layout-horizontal"},"_links":{"self":[{"href":"https:\/\/saboresaltaneiros.pt\/index.php?rest_route=\/wp\/v2\/product\/1321","targetHints":{"allow":["GET"]}}],"collection":[{"href":"https:\/\/saboresaltaneiros.pt\/index.php?rest_route=\/wp\/v2\/product"}],"about":[{"href":"https:\/\/saboresaltaneiros.pt\/index.php?rest_route=\/wp\/v2\/types\/product"}],"replies":[{"embeddable":true,"href":"https:\/\/saboresaltaneiros.pt\/index.php?rest_route=%2Fwp%2Fv2%2Fcomments&post=1321"}],"version-history":[{"count":1,"href":"https:\/\/saboresaltaneiros.pt\/index.php?rest_route=\/wp\/v2\/product\/1321\/revisions"}],"predecessor-version":[{"id":3802,"href":"https:\/\/saboresaltaneiros.pt\/index.php?rest_route=\/wp\/v2\/product\/1321\/revisions\/3802"}],"wp:featuredmedia":[{"embeddable":true,"href":"https:\/\/saboresaltaneiros.pt\/index.php?rest_route=\/wp\/v2\/media\/1320"}],"wp:attachment":[{"href":"https:\/\/saboresaltaneiros.pt\/index.php?rest_route=%2Fwp%2Fv2%2Fmedia&parent=1321"}],"wp:term":[{"taxonomy":"product_brand","embeddable":true,"href":"https:\/\/saboresaltaneiros.pt\/index.php?rest_route=%2Fwp%2Fv2%2Fproduct_brand&post=1321"},{"taxonomy":"product_cat","embeddable":true,"href":"https:\/\/saboresaltaneiros.pt\/index.php?rest_route=%2Fwp%2Fv2%2Fproduct_cat&post=1321"},{"taxonomy":"product_tag","embeddable":true,"href":"https:\/\/saboresaltaneiros.pt\/index.php?rest_route=%2Fwp%2Fv2%2Fproduct_tag&post=1321"}],"curies":[{"name":"wp","href":"https:\/\/api.w.org\/{rel}","templated":true}]}}