{"id":1521,"date":"2020-04-20T22:44:05","date_gmt":"2020-04-20T22:44:05","guid":{"rendered":"https:\/\/saboresaltaneiros.pt\/produto\/chourico-mouro\/"},"modified":"2020-04-20T22:44:05","modified_gmt":"2020-04-20T22:44:05","slug":"chourico-mouro","status":"publish","type":"product","link":"https:\/\/saboresaltaneiros.pt\/?product=chourico-mouro","title":{"rendered":"Chouri\u00e7o Mouro"},"content":{"rendered":"<p>Ingredientes:\u00a0<span>carne, gordura e sangue de su\u00edno, alho, cominhos, outros condimentos e aditivos.<\/span><\/p>\n<\/p>\n<p><span>Informa\u00e7\u00e3o nutricional por 100grs:\u00a0energia 316 kcal\/1313 kj; l\u00edpidos 23 g; \u00e1cidos gordos saturados 7,94 g; hidratos de carbono 8,1 g; a\u00e7\u00facares 0,5g; prote\u00ednas 19,1 g; sal 3,5 g.<\/span><\/p>\n<\/p>\n<p>Produzido e Embalado por:<\/p>\n<p>Salsicharia Polana &#8211; Rua da Esperan\u00e7a , 2<\/p>\n<p>6230 &#8211; 709 Souto da casa<\/p><\/p>\n","protected":false},"excerpt":{"rendered":"<p><span>Enchido produzido com carne de porco selecionada (entremeadas, p\u00e1) cortada em peda\u00e7os pequenos e condimentados ficando em matura\u00e7\u00e3o quatro dias. Procede-se ao seu enchimento em tripa de porco. Em seguida passa para o fumeiro de lenha de azinho e posteriormente para estabiliza\u00e7\u00e3o com temperaturas e humidades controladas at\u00e9 se encontrar pronto para ser embalado.<\/span><\/p>\n<\/p>\n<p>Peso: Entre 200gr e 250gr<\/p>\n","protected":false},"featured_media":1520,"comment_status":"open","ping_status":"closed","template":"","meta":{"_eb_attr":"","ocean_post_layout":"","ocean_both_sidebars_style":"","ocean_both_sidebars_content_width":0,"ocean_both_sidebars_sidebars_width":0,"ocean_sidebar":"","ocean_second_sidebar":"","ocean_disable_margins":"enable","ocean_add_body_class":"","ocean_shortcode_before_top_bar":"","ocean_shortcode_after_top_bar":"","ocean_shortcode_before_header":"","ocean_shortcode_after_header":"","ocean_has_shortcode":"","ocean_shortcode_after_title":"","ocean_shortcode_before_footer_widgets":"","ocean_shortcode_after_footer_widgets":"","ocean_shortcode_before_footer_bottom":"","ocean_shortcode_after_footer_bottom":"","ocean_display_top_bar":"default","ocean_display_header":"default","ocean_header_style":"","ocean_center_header_left_menu":"","ocean_custom_header_template":"","ocean_custom_logo":0,"ocean_custom_retina_logo":0,"ocean_custom_logo_max_width":0,"ocean_custom_logo_tablet_max_width":0,"ocean_custom_logo_mobile_max_width":0,"ocean_custom_logo_max_height":0,"ocean_custom_logo_tablet_max_height":0,"ocean_custom_logo_mobile_max_height":0,"ocean_header_custom_menu":"","ocean_menu_typo_font_family":"","ocean_menu_typo_font_subset":"","ocean_menu_typo_font_size":0,"ocean_menu_typo_font_size_tablet":0,"ocean_menu_typo_font_size_mobile":0,"ocean_menu_typo_font_size_unit":"px","ocean_menu_typo_font_weight":"","ocean_menu_typo_font_weight_tablet":"","ocean_menu_typo_font_weight_mobile":"","ocean_menu_typo_transform":"","ocean_menu_typo_transform_tablet":"","ocean_menu_typo_transform_mobile":"","ocean_menu_typo_line_height":0,"ocean_menu_typo_line_height_tablet":0,"ocean_menu_typo_line_height_mobile":0,"ocean_menu_typo_line_height_unit":"","ocean_menu_typo_spacing":0,"ocean_menu_typo_spacing_tablet":0,"ocean_menu_typo_spacing_mobile":0,"ocean_menu_typo_spacing_unit":"","ocean_menu_link_color":"","ocean_menu_link_color_hover":"","ocean_menu_link_color_active":"","ocean_menu_link_background":"","ocean_menu_link_hover_background":"","ocean_menu_link_active_background":"","ocean_menu_social_links_bg":"","ocean_menu_social_hover_links_bg":"","ocean_menu_social_links_color":"","ocean_menu_social_hover_links_color":"","ocean_disable_title":"default","ocean_disable_heading":"default","ocean_post_title":"","ocean_post_subheading":"","ocean_post_title_style":"","ocean_post_title_background_color":"","ocean_post_title_background":0,"ocean_post_title_bg_image_position":"","ocean_post_title_bg_image_attachment":"","ocean_post_title_bg_image_repeat":"","ocean_post_title_bg_image_size":"","ocean_post_title_height":0,"ocean_post_title_bg_overlay":0.5,"ocean_post_title_bg_overlay_color":"","ocean_disable_breadcrumbs":"default","ocean_breadcrumbs_color":"","ocean_breadcrumbs_separator_color":"","ocean_breadcrumbs_links_color":"","ocean_breadcrumbs_links_hover_color":"","ocean_display_footer_widgets":"default","ocean_display_footer_bottom":"default","ocean_custom_footer_template":""},"product_brand":[],"product_cat":[96],"product_tag":[],"class_list":{"0":"post-1521","1":"product","2":"type-product","3":"status-publish","4":"has-post-thumbnail","6":"product_cat-enchidos-e-presuntos","8":"entry","9":"has-media","11":"first","12":"instock","13":"shipping-taxable","14":"purchasable","15":"product-type-simple","16":"has-product-nav","17":"col","18":"span_1_of_3","19":"owp-content-center","20":"owp-thumbs-layout-horizontal","21":"owp-btn-normal","22":"owp-tabs-layout-horizontal"},"_links":{"self":[{"href":"https:\/\/saboresaltaneiros.pt\/index.php?rest_route=\/wp\/v2\/product\/1521","targetHints":{"allow":["GET"]}}],"collection":[{"href":"https:\/\/saboresaltaneiros.pt\/index.php?rest_route=\/wp\/v2\/product"}],"about":[{"href":"https:\/\/saboresaltaneiros.pt\/index.php?rest_route=\/wp\/v2\/types\/product"}],"replies":[{"embeddable":true,"href":"https:\/\/saboresaltaneiros.pt\/index.php?rest_route=%2Fwp%2Fv2%2Fcomments&post=1521"}],"version-history":[{"count":0,"href":"https:\/\/saboresaltaneiros.pt\/index.php?rest_route=\/wp\/v2\/product\/1521\/revisions"}],"wp:featuredmedia":[{"embeddable":true,"href":"https:\/\/saboresaltaneiros.pt\/index.php?rest_route=\/wp\/v2\/media\/1520"}],"wp:attachment":[{"href":"https:\/\/saboresaltaneiros.pt\/index.php?rest_route=%2Fwp%2Fv2%2Fmedia&parent=1521"}],"wp:term":[{"taxonomy":"product_brand","embeddable":true,"href":"https:\/\/saboresaltaneiros.pt\/index.php?rest_route=%2Fwp%2Fv2%2Fproduct_brand&post=1521"},{"taxonomy":"product_cat","embeddable":true,"href":"https:\/\/saboresaltaneiros.pt\/index.php?rest_route=%2Fwp%2Fv2%2Fproduct_cat&post=1521"},{"taxonomy":"product_tag","embeddable":true,"href":"https:\/\/saboresaltaneiros.pt\/index.php?rest_route=%2Fwp%2Fv2%2Fproduct_tag&post=1521"}],"curies":[{"name":"wp","href":"https:\/\/api.w.org\/{rel}","templated":true}]}}