{"id":1800,"date":"2021-01-16T20:51:19","date_gmt":"2021-01-16T20:51:19","guid":{"rendered":"https:\/\/saboresaltaneiros.pt\/produto\/morcela-da-guarda-com-cominhos-fumeiros-da-guarda\/"},"modified":"2024-11-13T11:33:14","modified_gmt":"2024-11-13T11:33:14","slug":"morcela-da-guarda-com-cominhos-fumeiros-da-guarda","status":"publish","type":"product","link":"https:\/\/saboresaltaneiros.pt\/?product=morcela-da-guarda-com-cominhos-fumeiros-da-guarda","title":{"rendered":"Morcela da Guarda com Cominhos Fumeiros da Guarda"},"content":{"rendered":"<p>Ingredientes:\u00a0 P\u00e3o (farinha de trigo, sal e levedura) gordura de su\u00edno, sangue de su\u00edno, cebola, cominhos (1,6%), sal, azeite, salsa e piri piri.<\/p>\n<p>Cont\u00e9m gl\u00faten.<\/p>\n<p>Informa\u00e7\u00e3o nutricional por 100grs:\u00a0energia 267 kcal\/1114 kj; l\u00edpidos 17,6 g; \u00e1cidos gordos saturados 6,72 g; hidratos de carbono 10,5 g; a\u00e7\u00facares 1,8 g; prote\u00ednas 16,7 g; sal 1,43 g.<\/p>\n<p>Produzido e Embalado por:<\/p>\n<p>FG- Fumeiros da Guarda, Lda.<\/p>\n<p>6300 &#8211; 250 Guarda<\/p>\n<p>&nbsp;<\/p>\n","protected":false},"excerpt":{"rendered":"<p>Enchido cozido constitu\u00eddo por p\u00e3o, sangue e gordura de su\u00edno, condimentos e especiarias.<\/p>\n<p>Peso: Aprox. 250gr<\/p>\n","protected":false},"featured_media":1799,"comment_status":"open","ping_status":"closed","template":"","meta":{"_eb_attr":"","ocean_post_layout":"","ocean_both_sidebars_style":"","ocean_both_sidebars_content_width":0,"ocean_both_sidebars_sidebars_width":0,"ocean_sidebar":"","ocean_second_sidebar":"","ocean_disable_margins":"enable","ocean_add_body_class":"","ocean_shortcode_before_top_bar":"","ocean_shortcode_after_top_bar":"","ocean_shortcode_before_header":"","ocean_shortcode_after_header":"","ocean_has_shortcode":"","ocean_shortcode_after_title":"","ocean_shortcode_before_footer_widgets":"","ocean_shortcode_after_footer_widgets":"","ocean_shortcode_before_footer_bottom":"","ocean_shortcode_after_footer_bottom":"","ocean_display_top_bar":"default","ocean_display_header":"default","ocean_header_style":"","ocean_center_header_left_menu":"","ocean_custom_header_template":"","ocean_custom_logo":0,"ocean_custom_retina_logo":0,"ocean_custom_logo_max_width":0,"ocean_custom_logo_tablet_max_width":0,"ocean_custom_logo_mobile_max_width":0,"ocean_custom_logo_max_height":0,"ocean_custom_logo_tablet_max_height":0,"ocean_custom_logo_mobile_max_height":0,"ocean_header_custom_menu":"","ocean_menu_typo_font_family":"","ocean_menu_typo_font_subset":"","ocean_menu_typo_font_size":0,"ocean_menu_typo_font_size_tablet":0,"ocean_menu_typo_font_size_mobile":0,"ocean_menu_typo_font_size_unit":"px","ocean_menu_typo_font_weight":"","ocean_menu_typo_font_weight_tablet":"","ocean_menu_typo_font_weight_mobile":"","ocean_menu_typo_transform":"","ocean_menu_typo_transform_tablet":"","ocean_menu_typo_transform_mobile":"","ocean_menu_typo_line_height":0,"ocean_menu_typo_line_height_tablet":0,"ocean_menu_typo_line_height_mobile":0,"ocean_menu_typo_line_height_unit":"","ocean_menu_typo_spacing":0,"ocean_menu_typo_spacing_tablet":0,"ocean_menu_typo_spacing_mobile":0,"ocean_menu_typo_spacing_unit":"","ocean_menu_link_color":"","ocean_menu_link_color_hover":"","ocean_menu_link_color_active":"","ocean_menu_link_background":"","ocean_menu_link_hover_background":"","ocean_menu_link_active_background":"","ocean_menu_social_links_bg":"","ocean_menu_social_hover_links_bg":"","ocean_menu_social_links_color":"","ocean_menu_social_hover_links_color":"","ocean_disable_title":"default","ocean_disable_heading":"default","ocean_post_title":"","ocean_post_subheading":"","ocean_post_title_style":"","ocean_post_title_background_color":"","ocean_post_title_background":0,"ocean_post_title_bg_image_position":"","ocean_post_title_bg_image_attachment":"","ocean_post_title_bg_image_repeat":"","ocean_post_title_bg_image_size":"","ocean_post_title_height":0,"ocean_post_title_bg_overlay":0.5,"ocean_post_title_bg_overlay_color":"","ocean_disable_breadcrumbs":"default","ocean_breadcrumbs_color":"","ocean_breadcrumbs_separator_color":"","ocean_breadcrumbs_links_color":"","ocean_breadcrumbs_links_hover_color":"","ocean_display_footer_widgets":"default","ocean_display_footer_bottom":"default","ocean_custom_footer_template":""},"product_brand":[],"product_cat":[96,106],"product_tag":[196],"class_list":{"0":"post-1800","1":"product","2":"type-product","3":"status-publish","4":"has-post-thumbnail","6":"product_cat-enchidos-e-presuntos","7":"product_cat-promocoes","8":"product_tag-promocao-valida-de-30-de-setembro-2024-a-30-novembro-2024","10":"entry","11":"has-media","13":"first","14":"instock","15":"sale","16":"shipping-taxable","17":"purchasable","18":"product-type-simple","19":"has-product-nav","20":"col","21":"span_1_of_3","22":"owp-content-center","23":"owp-thumbs-layout-horizontal","24":"owp-btn-normal","25":"owp-tabs-layout-horizontal"},"_links":{"self":[{"href":"https:\/\/saboresaltaneiros.pt\/index.php?rest_route=\/wp\/v2\/product\/1800","targetHints":{"allow":["GET"]}}],"collection":[{"href":"https:\/\/saboresaltaneiros.pt\/index.php?rest_route=\/wp\/v2\/product"}],"about":[{"href":"https:\/\/saboresaltaneiros.pt\/index.php?rest_route=\/wp\/v2\/types\/product"}],"replies":[{"embeddable":true,"href":"https:\/\/saboresaltaneiros.pt\/index.php?rest_route=%2Fwp%2Fv2%2Fcomments&post=1800"}],"version-history":[{"count":1,"href":"https:\/\/saboresaltaneiros.pt\/index.php?rest_route=\/wp\/v2\/product\/1800\/revisions"}],"predecessor-version":[{"id":3757,"href":"https:\/\/saboresaltaneiros.pt\/index.php?rest_route=\/wp\/v2\/product\/1800\/revisions\/3757"}],"wp:featuredmedia":[{"embeddable":true,"href":"https:\/\/saboresaltaneiros.pt\/index.php?rest_route=\/wp\/v2\/media\/1799"}],"wp:attachment":[{"href":"https:\/\/saboresaltaneiros.pt\/index.php?rest_route=%2Fwp%2Fv2%2Fmedia&parent=1800"}],"wp:term":[{"taxonomy":"product_brand","embeddable":true,"href":"https:\/\/saboresaltaneiros.pt\/index.php?rest_route=%2Fwp%2Fv2%2Fproduct_brand&post=1800"},{"taxonomy":"product_cat","embeddable":true,"href":"https:\/\/saboresaltaneiros.pt\/index.php?rest_route=%2Fwp%2Fv2%2Fproduct_cat&post=1800"},{"taxonomy":"product_tag","embeddable":true,"href":"https:\/\/saboresaltaneiros.pt\/index.php?rest_route=%2Fwp%2Fv2%2Fproduct_tag&post=1800"}],"curies":[{"name":"wp","href":"https:\/\/api.w.org\/{rel}","templated":true}]}}