{"id":3404,"date":"2023-11-08T15:03:14","date_gmt":"2023-11-08T15:03:14","guid":{"rendered":"https:\/\/saboresaltaneiros.pt\/?post_type=product&#038;p=3404"},"modified":"2023-11-08T15:03:14","modified_gmt":"2023-11-08T15:03:14","slug":"cabaz-fragao-do-corvo-2","status":"publish","type":"product","link":"https:\/\/saboresaltaneiros.pt\/?product=cabaz-fragao-do-corvo-2","title":{"rendered":"Cabaz Frag\u00e3o do Corvo"},"content":{"rendered":"<ul>\n<li>Caixa Personalizada Sabores Altaneiros<\/li>\n<li>Chouri\u00e7a Chouri\u00e7a Polana +\/- 230g<\/li>\n<li>Farinheira Polana +\/- 230g<\/li>\n<li>Morcela Polana +\/- 230g<\/li>\n<li>Queijo de Mistura S.A. Grande+\/- 450g<\/li>\n<li>Quinta dos Termos Vinhas Velhas 750ml<\/li>\n<li>Doce Licocampo 250g<\/li>\n<\/ul>\n<p>Chouri\u00e7a Chouri\u00e7a Polana +\/- 230g<\/p>\n<p>Informa\u00e7\u00e3o Nutricional por 100gr: Energia: 191 Kcal\/799Kj; L\u00edpidos 8,9g; \u00c1cidos Gordos saturados: 2,85g; Hidratos de Carbono: 1,0 g; A\u00e7\u00facares 0,5g; Prote\u00ednas: 26,9g; Sal 3g<\/p>\n<p>Farinheira Polana +\/- 230g<\/p>\n<p>Ingredientes:\u00a0gorduras de su\u00edno, p\u00e3o, farinha de trigo, sal e outros condimentos.<\/p>\n<p>Informa\u00e7\u00e3o nutricional por 100grs:\u00a0energia 412 kcal\/1712 kj; l\u00edpidos 30,6 g; \u00e1cidos gordos saturados 10,68 g; hidratos de carbono 27,7 g; a\u00e7\u00facares 4,2g; prote\u00ednas 6,4 g; sal 1,7 g.<\/p>\n<p>Morcela Polana +\/- 230g<\/p>\n<p>Informa\u00e7\u00e3o nutricional por 100grs:\u00a0energia 521 kcal\/2149 kj; l\u00edpidos 52,8 g; \u00e1cidos gordos saturados 18,48 g; hidratos de carbono 1,9 g; a\u00e7\u00facares 0,6 g; prote\u00ednas 9,6 g; sal 1,28 g.<\/p>\n<p>Queijo de Mistura S.A. Grande+\/- 450g<\/p>\n<p>Ingredientes:\u00a0Leite de ovelha e leite de cabra cru, coalho de origem animal e sal.<\/p>\n<p>Cont\u00e9m lactose<\/p>\n<p>Quantidade por por\u00e7\u00e3o 100gr<\/p>\n<p>Valor energ\u00e9tico 304Kcal = 1259 KJ Gorduras Totais 24,4 g Gorduras Saturadas 17,5 g Hidratos de Carbono &lt;0,5 g A\u00e7ucares &lt;0,5 g Prote\u00ednas 20,1 g<\/p>\n<p>Quinta dos Termos Vinhas Velhas 750ml<\/p>\n<p>Temperatura: entre 12\u00ba e 18\u00baC<\/p>\n<p>Teor alco\u00f3lico: 13.5% vol.<\/p>\n<p>Doce Licocampo 250g<\/p>\n<p>Declara\u00e7\u00e3o nutricional (por 250g l por dose 100g)<br \/>\nEnergia 742Kcal, 3140 Kj \/297Kcal,1256 kJ; Prote\u00ednas 3g\/1.2g; Gordura Total: 12.25g\/4.9g; Hid. Carbono: 155g\/62g; A\u00e7\u00facares totais: 86g\/34.5g; Fibra: 1.5g\/0.6g; Sal 0.75g\/0.3g<\/p>\n","protected":false},"excerpt":{"rendered":"<p>Nota: Se algum produto entrar em rutura de stock, ser\u00e1 substitu\u00eddo por outro de valor igual ou superior.<\/p>\n","protected":false},"featured_media":3475,"comment_status":"open","ping_status":"closed","template":"","meta":{"_eb_attr":"","ocean_post_layout":"","ocean_both_sidebars_style":"","ocean_both_sidebars_content_width":0,"ocean_both_sidebars_sidebars_width":0,"ocean_sidebar":"","ocean_second_sidebar":"","ocean_disable_margins":"enable","ocean_add_body_class":"","ocean_shortcode_before_top_bar":"","ocean_shortcode_after_top_bar":"","ocean_shortcode_before_header":"","ocean_shortcode_after_header":"","ocean_has_shortcode":"","ocean_shortcode_after_title":"","ocean_shortcode_before_footer_widgets":"","ocean_shortcode_after_footer_widgets":"","ocean_shortcode_before_footer_bottom":"","ocean_shortcode_after_footer_bottom":"","ocean_display_top_bar":"default","ocean_display_header":"default","ocean_header_style":"","ocean_center_header_left_menu":"","ocean_custom_header_template":"","ocean_custom_logo":0,"ocean_custom_retina_logo":0,"ocean_custom_logo_max_width":0,"ocean_custom_logo_tablet_max_width":0,"ocean_custom_logo_mobile_max_width":0,"ocean_custom_logo_max_height":0,"ocean_custom_logo_tablet_max_height":0,"ocean_custom_logo_mobile_max_height":0,"ocean_header_custom_menu":"","ocean_menu_typo_font_family":"","ocean_menu_typo_font_subset":"","ocean_menu_typo_font_size":0,"ocean_menu_typo_font_size_tablet":0,"ocean_menu_typo_font_size_mobile":0,"ocean_menu_typo_font_size_unit":"px","ocean_menu_typo_font_weight":"","ocean_menu_typo_font_weight_tablet":"","ocean_menu_typo_font_weight_mobile":"","ocean_menu_typo_transform":"","ocean_menu_typo_transform_tablet":"","ocean_menu_typo_transform_mobile":"","ocean_menu_typo_line_height":0,"ocean_menu_typo_line_height_tablet":0,"ocean_menu_typo_line_height_mobile":0,"ocean_menu_typo_line_height_unit":"","ocean_menu_typo_spacing":0,"ocean_menu_typo_spacing_tablet":0,"ocean_menu_typo_spacing_mobile":0,"ocean_menu_typo_spacing_unit":"","ocean_menu_link_color":"","ocean_menu_link_color_hover":"","ocean_menu_link_color_active":"","ocean_menu_link_background":"","ocean_menu_link_hover_background":"","ocean_menu_link_active_background":"","ocean_menu_social_links_bg":"","ocean_menu_social_hover_links_bg":"","ocean_menu_social_links_color":"","ocean_menu_social_hover_links_color":"","ocean_disable_title":"default","ocean_disable_heading":"default","ocean_post_title":"","ocean_post_subheading":"","ocean_post_title_style":"","ocean_post_title_background_color":"","ocean_post_title_background":0,"ocean_post_title_bg_image_position":"","ocean_post_title_bg_image_attachment":"","ocean_post_title_bg_image_repeat":"","ocean_post_title_bg_image_size":"","ocean_post_title_height":0,"ocean_post_title_bg_overlay":0.5,"ocean_post_title_bg_overlay_color":"","ocean_disable_breadcrumbs":"default","ocean_breadcrumbs_color":"","ocean_breadcrumbs_separator_color":"","ocean_breadcrumbs_links_color":"","ocean_breadcrumbs_links_hover_color":"","ocean_display_footer_widgets":"default","ocean_display_footer_bottom":"default","ocean_custom_footer_template":""},"product_brand":[],"product_cat":[88],"product_tag":[],"class_list":{"0":"post-3404","1":"product","2":"type-product","3":"status-publish","4":"has-post-thumbnail","6":"product_cat-cabazes-e-vouchers","8":"entry","9":"has-media","11":"first","12":"instock","13":"shipping-taxable","14":"purchasable","15":"product-type-simple","16":"has-product-nav","17":"col","18":"span_1_of_3","19":"owp-content-center","20":"owp-thumbs-layout-horizontal","21":"owp-btn-normal","22":"owp-tabs-layout-horizontal"},"_links":{"self":[{"href":"https:\/\/saboresaltaneiros.pt\/index.php?rest_route=\/wp\/v2\/product\/3404","targetHints":{"allow":["GET"]}}],"collection":[{"href":"https:\/\/saboresaltaneiros.pt\/index.php?rest_route=\/wp\/v2\/product"}],"about":[{"href":"https:\/\/saboresaltaneiros.pt\/index.php?rest_route=\/wp\/v2\/types\/product"}],"replies":[{"embeddable":true,"href":"https:\/\/saboresaltaneiros.pt\/index.php?rest_route=%2Fwp%2Fv2%2Fcomments&post=3404"}],"version-history":[{"count":0,"href":"https:\/\/saboresaltaneiros.pt\/index.php?rest_route=\/wp\/v2\/product\/3404\/revisions"}],"wp:featuredmedia":[{"embeddable":true,"href":"https:\/\/saboresaltaneiros.pt\/index.php?rest_route=\/wp\/v2\/media\/3475"}],"wp:attachment":[{"href":"https:\/\/saboresaltaneiros.pt\/index.php?rest_route=%2Fwp%2Fv2%2Fmedia&parent=3404"}],"wp:term":[{"taxonomy":"product_brand","embeddable":true,"href":"https:\/\/saboresaltaneiros.pt\/index.php?rest_route=%2Fwp%2Fv2%2Fproduct_brand&post=3404"},{"taxonomy":"product_cat","embeddable":true,"href":"https:\/\/saboresaltaneiros.pt\/index.php?rest_route=%2Fwp%2Fv2%2Fproduct_cat&post=3404"},{"taxonomy":"product_tag","embeddable":true,"href":"https:\/\/saboresaltaneiros.pt\/index.php?rest_route=%2Fwp%2Fv2%2Fproduct_tag&post=3404"}],"curies":[{"name":"wp","href":"https:\/\/api.w.org\/{rel}","templated":true}]}}