{"id":3414,"date":"2023-11-08T15:02:59","date_gmt":"2023-11-08T15:02:59","guid":{"rendered":"https:\/\/saboresaltaneiros.pt\/?post_type=product&#038;p=3414"},"modified":"2023-11-08T15:02:59","modified_gmt":"2023-11-08T15:02:59","slug":"cabaz-zezere","status":"publish","type":"product","link":"https:\/\/saboresaltaneiros.pt\/?product=cabaz-zezere","title":{"rendered":"Cabaz Z\u00eazere"},"content":{"rendered":"<ul>\n<li>Cesto em Vime<\/li>\n<li>Queijo de Cabra Sabores Altaneiros +\/- 700g<\/li>\n<li>Bolachas de Cerveja Sabores Altaneiros 230g<\/li>\n<li>Doce de Ginja Companhia das Ab\u00f3boras 250g<\/li>\n<li>Conjunto de 3 Licores de Doces Tradicionais Zimbro 3*100ml<\/li>\n<li>Bombons de Cereja do Fund\u00e3o100g<\/li>\n<li>Vinho Quinta dos Termos DOC 750ml<\/li>\n<\/ul>\n<p>Queijo de Cabra Sabores Altaneiros +\/- 700g<\/p>\n<p>Ingredientes: Leite de cabra cru, coalho de origem animal e sal.<\/p>\n<p>Cont\u00e9m lactose.<\/p>\n<p>Quantidade por por\u00e7\u00e3o por 100gr:<\/p>\n<p>Valor energ\u00e9tico 348Kcal = 1442 KJ Gorduras Totais 28,8 g Gorduras Saturadas 21,1 g Hidratos de Carbono &lt;0,5 g A\u00e7ucares &lt;0,5 g Prote\u00ednas 21,0 g Sal 2,1 g<\/p>\n<p>Bolachas de Cerveja Sabores Altaneiros 220g<\/p>\n<p>Declara\u00e7\u00e3o nutricional: (informa\u00e7\u00e3o m\u00e9dia por cada 100gr) Energia 416 kcal \/1754 kj; L\u00edpidos 8,2g; doa quais saturados 2,7g; hidratos de carbono 78g; dos quais a\u00e7\u00facares 36g; fibra 4,3g; sal 0,32g; prote\u00ednas 5,2g.<\/p>\n<p>Doce de Ginja Companhia das Ab\u00f3boras 250g<\/p>\n<p>Ingredientes: Ginja e a\u00e7\u00facar.<\/p>\n<p>Declara\u00e7\u00e3o nutricional por 100g<\/p>\n<p>Energia 329Kcal, 1376Kj; Lipidos: &lt;0.3g dos quais: saturados 0g, Hidratos de Carbono 75g, dos quais: A\u00e7\u00facares 53.2g; Fibra 0.4g; Prote\u00ednas 0.5g; Sal 0.027g<\/p>\n<p>Conjunto de 3 Licores de Doces Tradicionais Zimbro 3*100ml<\/p>\n<p>Ingredientes: \u00c1gua, \u00e1lcool, a\u00e7\u00facar, leite, natas e aroma natural de chocolate, baunilha e canela.<\/p>\n<p>Teor Alco\u00f3lico: \u00a015.5%<\/p>\n<p>Bombons de Cereja do Fund\u00e3o100g<\/p>\n<p>Ingredientes: Chocolate negro, a\u00e7\u00facar, manteiga de cacau, leite em p\u00f3, leite desnatado, emulsionante e cereja.<\/p>\n<p>Vinho Quinta dos Termos DOC 750ml<\/p>\n<p dir=\"ltr\">Temperatura: entre 12\u00ba e 18\u00baC<\/p>\n<p dir=\"ltr\">Teor: 13% vol.<\/p>\n","protected":false},"excerpt":{"rendered":"<p>Nota: Se algum produto entrar em rutura de stock, ser\u00e1 substitu\u00eddo por outro de valor igual ou superior.<\/p>\n","protected":false},"featured_media":3473,"comment_status":"open","ping_status":"closed","template":"","meta":{"_eb_attr":"","ocean_post_layout":"","ocean_both_sidebars_style":"","ocean_both_sidebars_content_width":0,"ocean_both_sidebars_sidebars_width":0,"ocean_sidebar":"","ocean_second_sidebar":"","ocean_disable_margins":"enable","ocean_add_body_class":"","ocean_shortcode_before_top_bar":"","ocean_shortcode_after_top_bar":"","ocean_shortcode_before_header":"","ocean_shortcode_after_header":"","ocean_has_shortcode":"","ocean_shortcode_after_title":"","ocean_shortcode_before_footer_widgets":"","ocean_shortcode_after_footer_widgets":"","ocean_shortcode_before_footer_bottom":"","ocean_shortcode_after_footer_bottom":"","ocean_display_top_bar":"default","ocean_display_header":"default","ocean_header_style":"","ocean_center_header_left_menu":"","ocean_custom_header_template":"","ocean_custom_logo":0,"ocean_custom_retina_logo":0,"ocean_custom_logo_max_width":0,"ocean_custom_logo_tablet_max_width":0,"ocean_custom_logo_mobile_max_width":0,"ocean_custom_logo_max_height":0,"ocean_custom_logo_tablet_max_height":0,"ocean_custom_logo_mobile_max_height":0,"ocean_header_custom_menu":"","ocean_menu_typo_font_family":"","ocean_menu_typo_font_subset":"","ocean_menu_typo_font_size":0,"ocean_menu_typo_font_size_tablet":0,"ocean_menu_typo_font_size_mobile":0,"ocean_menu_typo_font_size_unit":"px","ocean_menu_typo_font_weight":"","ocean_menu_typo_font_weight_tablet":"","ocean_menu_typo_font_weight_mobile":"","ocean_menu_typo_transform":"","ocean_menu_typo_transform_tablet":"","ocean_menu_typo_transform_mobile":"","ocean_menu_typo_line_height":0,"ocean_menu_typo_line_height_tablet":0,"ocean_menu_typo_line_height_mobile":0,"ocean_menu_typo_line_height_unit":"","ocean_menu_typo_spacing":0,"ocean_menu_typo_spacing_tablet":0,"ocean_menu_typo_spacing_mobile":0,"ocean_menu_typo_spacing_unit":"","ocean_menu_link_color":"","ocean_menu_link_color_hover":"","ocean_menu_link_color_active":"","ocean_menu_link_background":"","ocean_menu_link_hover_background":"","ocean_menu_link_active_background":"","ocean_menu_social_links_bg":"","ocean_menu_social_hover_links_bg":"","ocean_menu_social_links_color":"","ocean_menu_social_hover_links_color":"","ocean_disable_title":"default","ocean_disable_heading":"default","ocean_post_title":"","ocean_post_subheading":"","ocean_post_title_style":"","ocean_post_title_background_color":"","ocean_post_title_background":0,"ocean_post_title_bg_image_position":"","ocean_post_title_bg_image_attachment":"","ocean_post_title_bg_image_repeat":"","ocean_post_title_bg_image_size":"","ocean_post_title_height":0,"ocean_post_title_bg_overlay":0.5,"ocean_post_title_bg_overlay_color":"","ocean_disable_breadcrumbs":"default","ocean_breadcrumbs_color":"","ocean_breadcrumbs_separator_color":"","ocean_breadcrumbs_links_color":"","ocean_breadcrumbs_links_hover_color":"","ocean_display_footer_widgets":"default","ocean_display_footer_bottom":"default","ocean_custom_footer_template":""},"product_brand":[],"product_cat":[88],"product_tag":[],"class_list":{"0":"post-3414","1":"product","2":"type-product","3":"status-publish","4":"has-post-thumbnail","6":"product_cat-cabazes-e-vouchers","8":"entry","9":"has-media","11":"first","12":"instock","13":"shipping-taxable","14":"purchasable","15":"product-type-simple","16":"has-product-nav","17":"col","18":"span_1_of_3","19":"owp-content-center","20":"owp-thumbs-layout-horizontal","21":"owp-btn-normal","22":"owp-tabs-layout-horizontal"},"_links":{"self":[{"href":"https:\/\/saboresaltaneiros.pt\/index.php?rest_route=\/wp\/v2\/product\/3414","targetHints":{"allow":["GET"]}}],"collection":[{"href":"https:\/\/saboresaltaneiros.pt\/index.php?rest_route=\/wp\/v2\/product"}],"about":[{"href":"https:\/\/saboresaltaneiros.pt\/index.php?rest_route=\/wp\/v2\/types\/product"}],"replies":[{"embeddable":true,"href":"https:\/\/saboresaltaneiros.pt\/index.php?rest_route=%2Fwp%2Fv2%2Fcomments&post=3414"}],"version-history":[{"count":0,"href":"https:\/\/saboresaltaneiros.pt\/index.php?rest_route=\/wp\/v2\/product\/3414\/revisions"}],"wp:featuredmedia":[{"embeddable":true,"href":"https:\/\/saboresaltaneiros.pt\/index.php?rest_route=\/wp\/v2\/media\/3473"}],"wp:attachment":[{"href":"https:\/\/saboresaltaneiros.pt\/index.php?rest_route=%2Fwp%2Fv2%2Fmedia&parent=3414"}],"wp:term":[{"taxonomy":"product_brand","embeddable":true,"href":"https:\/\/saboresaltaneiros.pt\/index.php?rest_route=%2Fwp%2Fv2%2Fproduct_brand&post=3414"},{"taxonomy":"product_cat","embeddable":true,"href":"https:\/\/saboresaltaneiros.pt\/index.php?rest_route=%2Fwp%2Fv2%2Fproduct_cat&post=3414"},{"taxonomy":"product_tag","embeddable":true,"href":"https:\/\/saboresaltaneiros.pt\/index.php?rest_route=%2Fwp%2Fv2%2Fproduct_tag&post=3414"}],"curies":[{"name":"wp","href":"https:\/\/api.w.org\/{rel}","templated":true}]}}