{"id":3423,"date":"2023-11-08T15:02:44","date_gmt":"2023-11-08T15:02:44","guid":{"rendered":"https:\/\/saboresaltaneiros.pt\/?post_type=product&#038;p=3423"},"modified":"2023-11-08T15:02:44","modified_gmt":"2023-11-08T15:02:44","slug":"cabaz-altaneiros","status":"publish","type":"product","link":"https:\/\/saboresaltaneiros.pt\/?product=cabaz-altaneiros","title":{"rendered":"Cabaz Altaneiros"},"content":{"rendered":"<ul>\n<li>Cesto em Vime<\/li>\n<li>Queijo de Ovelha Curado Sabores Altaneiros +\/- 800g<\/li>\n<li>Queijo de Mistura Merendeiro Sabores Altaneiros +\/- 400g<\/li>\n<li>Bolachas de Cerveja Sabores Altaneiros 230g<\/li>\n<li>Ginja Serra da Estrela Zimbro 700ml<\/li>\n<li>2 Carrapinhadas de Am\u00eandoa 100g<\/li>\n<li>Vinho Qta dos Termos Reserva do Patr\u00e3o 750ml<\/li>\n<li>Licor Pastel de Nata 100ml<\/li>\n<\/ul>\n<p>Queijo de Ovelha Curado Sabores Altaneiros +\/- 800g<\/p>\n<p>Ingredientes: Leite de ovelha cru, coalho de origem vegetal e sal.<\/p>\n<p>Cont\u00e9m lactose.<\/p>\n<p>Quantidade por por\u00e7\u00e3o 100gr<\/p>\n<p>Valor energ\u00e9tico 357Kcal = 1480 KJ Gorduras Totais 29,5 g Gorduras Saturadas 21,0 g Hidratos de Carbono &lt;0,5 g A\u00e7ucares &lt;0,5 g Prote\u00ednas 22,1 g Sal 2,5 g<\/p>\n<p>Queijo de Mistura Merendeiro Sabores Altaneiros +\/- 400g<\/p>\n<p>Ingredientes:\u00a0Leite de ovelha e leite de cabra cru, coalho de origem animal e sal.<br \/>\nCont\u00e9m lactose<br \/>\nQuantidade por por\u00e7\u00e3o 100gr<br \/>\nValor energ\u00e9tico 304Kcal = 1259 KJ Gorduras Totais 24,4 g Gorduras Saturadas 17,5 g Hidratos de Carbono &lt;0,5 g A\u00e7ucares &lt;0,5 g Prote\u00ednas 20,1 g<\/p>\n<p>Bolachas de Cerveja Sabores Altaneiros 230g<\/p>\n<p>Declara\u00e7\u00e3o nutricional: (informa\u00e7\u00e3o m\u00e9dia por cada 100gr) Energia 416 kcal \/1754 kj; L\u00edpidos 8,2g; doa quais saturados 2,7g; hidratos de carbono 78g; dos quais a\u00e7\u00facares 36g; fibra 4,3g; sal 0,32g; prote\u00ednas 5,2g.<\/p>\n<p>Ginja Serra da Estrela Zimbro 700ml<\/p>\n<p>Ingredientes: \u00c1lcool, \u00e1gua, a\u00e7\u00facar, aroma natural e corante E150b.<\/p>\n<p>Teor alco\u00f3lico: 19%<\/p>\n<p>2 Carrapinhadas de Am\u00eandoa 100g<\/p>\n<p>Ingredientes: Am\u00eandoa, amendoim, avel\u00e3, a\u00e7\u00facar, canela e aroma natural de baunilha.<\/p>\n<p>N\u00e3o tem corantes, nem conservantes<\/p>\n<p>Declara\u00e7\u00e3o nutricional: por 100g de produto<\/p>\n<p>Energia 2155 KJ\/517 Kcal, L\u00edpidos 30g dos quais Saturados 2.80 g;\u00a0 Hidratos de carbono 43g; A\u00e7\u00facares 17g; Fibras 9.1g; Prote\u00ednas 15g; Sal &lt;0.01 (LQ)<\/p>\n<p>Vinho Qta dos Termos Reserva do Patr\u00e3o 750ml<\/p>\n<p>Quinta dos Termos Reserva do Patr\u00e3o<br \/>\nTemperatura: entre 12\u00ba e 18\u00baC<\/p>\n<p>Teor alco\u00f3lico: 14% vol.<\/p>\n<p>Licor Pastel de Nata 100ml<\/p>\n<p>Ingredientes: \u00c1gua, \u00e1lcool, a\u00e7\u00facar, leite, natas e aroma natural de baunilha.<\/p>\n<p>Teor Alco\u00f3lico: \u00a015.5%<\/p>\n","protected":false},"excerpt":{"rendered":"<p>Nota: Se algum produto entrar em rutura de stock, ser\u00e1 substitu\u00eddo por outro de valor igual ou superior.<\/p>\n","protected":false},"featured_media":3470,"comment_status":"open","ping_status":"closed","template":"","meta":{"_eb_attr":"","ocean_post_layout":"","ocean_both_sidebars_style":"","ocean_both_sidebars_content_width":0,"ocean_both_sidebars_sidebars_width":0,"ocean_sidebar":"","ocean_second_sidebar":"","ocean_disable_margins":"enable","ocean_add_body_class":"","ocean_shortcode_before_top_bar":"","ocean_shortcode_after_top_bar":"","ocean_shortcode_before_header":"","ocean_shortcode_after_header":"","ocean_has_shortcode":"","ocean_shortcode_after_title":"","ocean_shortcode_before_footer_widgets":"","ocean_shortcode_after_footer_widgets":"","ocean_shortcode_before_footer_bottom":"","ocean_shortcode_after_footer_bottom":"","ocean_display_top_bar":"default","ocean_display_header":"default","ocean_header_style":"","ocean_center_header_left_menu":"","ocean_custom_header_template":"","ocean_custom_logo":0,"ocean_custom_retina_logo":0,"ocean_custom_logo_max_width":0,"ocean_custom_logo_tablet_max_width":0,"ocean_custom_logo_mobile_max_width":0,"ocean_custom_logo_max_height":0,"ocean_custom_logo_tablet_max_height":0,"ocean_custom_logo_mobile_max_height":0,"ocean_header_custom_menu":"","ocean_menu_typo_font_family":"","ocean_menu_typo_font_subset":"","ocean_menu_typo_font_size":0,"ocean_menu_typo_font_size_tablet":0,"ocean_menu_typo_font_size_mobile":0,"ocean_menu_typo_font_size_unit":"px","ocean_menu_typo_font_weight":"","ocean_menu_typo_font_weight_tablet":"","ocean_menu_typo_font_weight_mobile":"","ocean_menu_typo_transform":"","ocean_menu_typo_transform_tablet":"","ocean_menu_typo_transform_mobile":"","ocean_menu_typo_line_height":0,"ocean_menu_typo_line_height_tablet":0,"ocean_menu_typo_line_height_mobile":0,"ocean_menu_typo_line_height_unit":"","ocean_menu_typo_spacing":0,"ocean_menu_typo_spacing_tablet":0,"ocean_menu_typo_spacing_mobile":0,"ocean_menu_typo_spacing_unit":"","ocean_menu_link_color":"","ocean_menu_link_color_hover":"","ocean_menu_link_color_active":"","ocean_menu_link_background":"","ocean_menu_link_hover_background":"","ocean_menu_link_active_background":"","ocean_menu_social_links_bg":"","ocean_menu_social_hover_links_bg":"","ocean_menu_social_links_color":"","ocean_menu_social_hover_links_color":"","ocean_disable_title":"default","ocean_disable_heading":"default","ocean_post_title":"","ocean_post_subheading":"","ocean_post_title_style":"","ocean_post_title_background_color":"","ocean_post_title_background":0,"ocean_post_title_bg_image_position":"","ocean_post_title_bg_image_attachment":"","ocean_post_title_bg_image_repeat":"","ocean_post_title_bg_image_size":"","ocean_post_title_height":0,"ocean_post_title_bg_overlay":0.5,"ocean_post_title_bg_overlay_color":"","ocean_disable_breadcrumbs":"default","ocean_breadcrumbs_color":"","ocean_breadcrumbs_separator_color":"","ocean_breadcrumbs_links_color":"","ocean_breadcrumbs_links_hover_color":"","ocean_display_footer_widgets":"default","ocean_display_footer_bottom":"default","ocean_custom_footer_template":""},"product_brand":[],"product_cat":[88],"product_tag":[],"class_list":{"0":"post-3423","1":"product","2":"type-product","3":"status-publish","4":"has-post-thumbnail","6":"product_cat-cabazes-e-vouchers","8":"entry","9":"has-media","11":"first","12":"instock","13":"shipping-taxable","14":"purchasable","15":"product-type-simple","16":"has-product-nav","17":"col","18":"span_1_of_3","19":"owp-content-center","20":"owp-thumbs-layout-horizontal","21":"owp-btn-normal","22":"owp-tabs-layout-horizontal"},"_links":{"self":[{"href":"https:\/\/saboresaltaneiros.pt\/index.php?rest_route=\/wp\/v2\/product\/3423","targetHints":{"allow":["GET"]}}],"collection":[{"href":"https:\/\/saboresaltaneiros.pt\/index.php?rest_route=\/wp\/v2\/product"}],"about":[{"href":"https:\/\/saboresaltaneiros.pt\/index.php?rest_route=\/wp\/v2\/types\/product"}],"replies":[{"embeddable":true,"href":"https:\/\/saboresaltaneiros.pt\/index.php?rest_route=%2Fwp%2Fv2%2Fcomments&post=3423"}],"version-history":[{"count":0,"href":"https:\/\/saboresaltaneiros.pt\/index.php?rest_route=\/wp\/v2\/product\/3423\/revisions"}],"wp:featuredmedia":[{"embeddable":true,"href":"https:\/\/saboresaltaneiros.pt\/index.php?rest_route=\/wp\/v2\/media\/3470"}],"wp:attachment":[{"href":"https:\/\/saboresaltaneiros.pt\/index.php?rest_route=%2Fwp%2Fv2%2Fmedia&parent=3423"}],"wp:term":[{"taxonomy":"product_brand","embeddable":true,"href":"https:\/\/saboresaltaneiros.pt\/index.php?rest_route=%2Fwp%2Fv2%2Fproduct_brand&post=3423"},{"taxonomy":"product_cat","embeddable":true,"href":"https:\/\/saboresaltaneiros.pt\/index.php?rest_route=%2Fwp%2Fv2%2Fproduct_cat&post=3423"},{"taxonomy":"product_tag","embeddable":true,"href":"https:\/\/saboresaltaneiros.pt\/index.php?rest_route=%2Fwp%2Fv2%2Fproduct_tag&post=3423"}],"curies":[{"name":"wp","href":"https:\/\/api.w.org\/{rel}","templated":true}]}}