{"id":3428,"date":"2023-11-08T15:02:05","date_gmt":"2023-11-08T15:02:05","guid":{"rendered":"https:\/\/saboresaltaneiros.pt\/?post_type=product&#038;p=3428"},"modified":"2023-11-08T15:02:05","modified_gmt":"2023-11-08T15:02:05","slug":"cabaz-covao-da-ponte","status":"publish","type":"product","link":"https:\/\/saboresaltaneiros.pt\/?product=cabaz-covao-da-ponte","title":{"rendered":"Cabaz Cov\u00e3o da Ponte"},"content":{"rendered":"<ul>\n<li>Cesto em Vime<\/li>\n<li>Queijo de ovelha amanteigado Lactiser<\/li>\n<li>Queijo de Mistura Soalheiralves grande 700g a 800g<\/li>\n<li>Bolos de lim\u00e3o Sublime 330g<\/li>\n<li>Bolachas de amendoim com pepitas de chocolate Sublime<\/li>\n<li>Vinho d \u00b4Alcaria tinto<\/li>\n<li>Paiola Metade Ib\u00e9rica<\/li>\n<li>Aguardente de Zimbro com saco Zimbro 500ml<\/li>\n<\/ul>\n<p>Queijo de ovelha amanteigado Lactiser<\/p>\n<p>Queijo de Mistura Soalheiralves grande 700g a 800g<\/p>\n<p>Ingredientes: Leite cru de ovelha e cabra, coalho, natamicina (conservante) e sal.<br \/>\nCont\u00e9m lactose.<br \/>\nDeclara\u00e7\u00e3o nutricional m\u00e9dia por 100gr:<br \/>\nValor Energ\u00e9tico: 1679Kj \/ 404Kcal<br \/>\nL\u00edpido:31g<br \/>\ndos quais \u00e1cidos gordos saturados: 14g<br \/>\nHidratos de Carbono: 1.39g<br \/>\ndos quais a\u00e7ucares: &lt;0.26g<br \/>\nProte\u00ednas: 22g<br \/>\nSal: 2,69g<\/p>\n<p>Bolos de lim\u00e3o Sublime 330g<\/p>\n<p>Ingredientes:\u00a0farinha de trigo (gl\u00faten), a\u00e7\u00facar, margarina vegetal, ovos, lim\u00e3o, aroma de baunilha, levedante qu\u00edmico e sal.<\/p>\n<p>ALERG\u00c9NICOS: Farinha de Trigo( gluten), ovos<\/p>\n<p>Energia 1658 KJ\/4393Kcal dos quais L\u00edpidos 10g ; Saturados 4.4g; dos quais: Hidratos de carbono 70g; A\u00e7\u00facares 20g; Fibras 1.03g; Prote\u00ednas 4.8g; Sal 0.56g<\/p>\n<p>Bolachas de amendoim com pepitas de chocolate Sublime<\/p>\n<p>Ingredientes: farinha de trigo (gluten), a\u00e7\u00facar, margarina vegetal, manteiga de amendoim, amendoins, pepitas de chocolate e ovos.<\/p>\n<p>ALERG\u00c9NICOS: Farinha de Trigo,(gluten), manteiga de amendoim, amendoins, ovos<\/p>\n<p>Energia 1970 KJ\/469Kcal dos quais L\u00edpidos 17g ; Saturados 3.09g; dos quais: Hidratos de carbono 72g; A\u00e7\u00facares 23g; Fibras 1.28g; Prote\u00ednas 7.3g; Sal 0.51g<\/p>\n<p>Paiola Metade Ib\u00e9rica<\/p>\n<p>Ingredientes: Carne de porco ib\u00e9rico de cebo, sal, piment\u00e3o, alho, or\u00e9g\u00e3os, lactose, dextrose, prote\u00edna de leite, leite desnatado e conservante (E-252,e-250).<\/p>\n<p>Produto sem gl\u00faten.<\/p>\n<p>Informa\u00e7\u00e3o nutricional por 100grs:\u00a0energia 451 kcal\/1968 kj; l\u00edpidos 39 g; \u00e1cidos gordos saturados 15 g; hidratos de carbono 1 g; a\u00e7\u00facares 0,7 g; prote\u00ednas 24 g; sal 3,7 g.<\/p>\n<p>Vinho d \u00b4Alcaria tinto<\/p>\n<p>Teor alco\u00f3lico: 13% vol.<\/p>\n<p>Aguardente de Zimbro com saco Zimbro 500ml<\/p>\n<p>Ingredientes: Bebida Espirituosa aromatizada com baga de zimbro.<\/p>\n<p>Teor alco\u00f3lico: 40%<\/p>\n","protected":false},"excerpt":{"rendered":"<p>Nota: Se algum produto entrar em rutura de stock, ser\u00e1 substitu\u00eddo por outro de valor igual ou superior.<\/p>\n","protected":false},"featured_media":3466,"comment_status":"open","ping_status":"closed","template":"","meta":{"_eb_attr":"","ocean_post_layout":"","ocean_both_sidebars_style":"","ocean_both_sidebars_content_width":0,"ocean_both_sidebars_sidebars_width":0,"ocean_sidebar":"","ocean_second_sidebar":"","ocean_disable_margins":"enable","ocean_add_body_class":"","ocean_shortcode_before_top_bar":"","ocean_shortcode_after_top_bar":"","ocean_shortcode_before_header":"","ocean_shortcode_after_header":"","ocean_has_shortcode":"","ocean_shortcode_after_title":"","ocean_shortcode_before_footer_widgets":"","ocean_shortcode_after_footer_widgets":"","ocean_shortcode_before_footer_bottom":"","ocean_shortcode_after_footer_bottom":"","ocean_display_top_bar":"default","ocean_display_header":"default","ocean_header_style":"","ocean_center_header_left_menu":"","ocean_custom_header_template":"","ocean_custom_logo":0,"ocean_custom_retina_logo":0,"ocean_custom_logo_max_width":0,"ocean_custom_logo_tablet_max_width":0,"ocean_custom_logo_mobile_max_width":0,"ocean_custom_logo_max_height":0,"ocean_custom_logo_tablet_max_height":0,"ocean_custom_logo_mobile_max_height":0,"ocean_header_custom_menu":"","ocean_menu_typo_font_family":"","ocean_menu_typo_font_subset":"","ocean_menu_typo_font_size":0,"ocean_menu_typo_font_size_tablet":0,"ocean_menu_typo_font_size_mobile":0,"ocean_menu_typo_font_size_unit":"px","ocean_menu_typo_font_weight":"","ocean_menu_typo_font_weight_tablet":"","ocean_menu_typo_font_weight_mobile":"","ocean_menu_typo_transform":"","ocean_menu_typo_transform_tablet":"","ocean_menu_typo_transform_mobile":"","ocean_menu_typo_line_height":0,"ocean_menu_typo_line_height_tablet":0,"ocean_menu_typo_line_height_mobile":0,"ocean_menu_typo_line_height_unit":"","ocean_menu_typo_spacing":0,"ocean_menu_typo_spacing_tablet":0,"ocean_menu_typo_spacing_mobile":0,"ocean_menu_typo_spacing_unit":"","ocean_menu_link_color":"","ocean_menu_link_color_hover":"","ocean_menu_link_color_active":"","ocean_menu_link_background":"","ocean_menu_link_hover_background":"","ocean_menu_link_active_background":"","ocean_menu_social_links_bg":"","ocean_menu_social_hover_links_bg":"","ocean_menu_social_links_color":"","ocean_menu_social_hover_links_color":"","ocean_disable_title":"default","ocean_disable_heading":"default","ocean_post_title":"","ocean_post_subheading":"","ocean_post_title_style":"","ocean_post_title_background_color":"","ocean_post_title_background":0,"ocean_post_title_bg_image_position":"","ocean_post_title_bg_image_attachment":"","ocean_post_title_bg_image_repeat":"","ocean_post_title_bg_image_size":"","ocean_post_title_height":0,"ocean_post_title_bg_overlay":0.5,"ocean_post_title_bg_overlay_color":"","ocean_disable_breadcrumbs":"default","ocean_breadcrumbs_color":"","ocean_breadcrumbs_separator_color":"","ocean_breadcrumbs_links_color":"","ocean_breadcrumbs_links_hover_color":"","ocean_display_footer_widgets":"default","ocean_display_footer_bottom":"default","ocean_custom_footer_template":""},"product_brand":[],"product_cat":[88],"product_tag":[],"class_list":{"0":"post-3428","1":"product","2":"type-product","3":"status-publish","4":"has-post-thumbnail","6":"product_cat-cabazes-e-vouchers","8":"entry","9":"has-media","11":"first","12":"instock","13":"shipping-taxable","14":"purchasable","15":"product-type-simple","16":"has-product-nav","17":"col","18":"span_1_of_3","19":"owp-content-center","20":"owp-thumbs-layout-horizontal","21":"owp-btn-normal","22":"owp-tabs-layout-horizontal"},"_links":{"self":[{"href":"https:\/\/saboresaltaneiros.pt\/index.php?rest_route=\/wp\/v2\/product\/3428","targetHints":{"allow":["GET"]}}],"collection":[{"href":"https:\/\/saboresaltaneiros.pt\/index.php?rest_route=\/wp\/v2\/product"}],"about":[{"href":"https:\/\/saboresaltaneiros.pt\/index.php?rest_route=\/wp\/v2\/types\/product"}],"replies":[{"embeddable":true,"href":"https:\/\/saboresaltaneiros.pt\/index.php?rest_route=%2Fwp%2Fv2%2Fcomments&post=3428"}],"version-history":[{"count":0,"href":"https:\/\/saboresaltaneiros.pt\/index.php?rest_route=\/wp\/v2\/product\/3428\/revisions"}],"wp:featuredmedia":[{"embeddable":true,"href":"https:\/\/saboresaltaneiros.pt\/index.php?rest_route=\/wp\/v2\/media\/3466"}],"wp:attachment":[{"href":"https:\/\/saboresaltaneiros.pt\/index.php?rest_route=%2Fwp%2Fv2%2Fmedia&parent=3428"}],"wp:term":[{"taxonomy":"product_brand","embeddable":true,"href":"https:\/\/saboresaltaneiros.pt\/index.php?rest_route=%2Fwp%2Fv2%2Fproduct_brand&post=3428"},{"taxonomy":"product_cat","embeddable":true,"href":"https:\/\/saboresaltaneiros.pt\/index.php?rest_route=%2Fwp%2Fv2%2Fproduct_cat&post=3428"},{"taxonomy":"product_tag","embeddable":true,"href":"https:\/\/saboresaltaneiros.pt\/index.php?rest_route=%2Fwp%2Fv2%2Fproduct_tag&post=3428"}],"curies":[{"name":"wp","href":"https:\/\/api.w.org\/{rel}","templated":true}]}}