{"id":3432,"date":"2023-11-08T15:02:24","date_gmt":"2023-11-08T15:02:24","guid":{"rendered":"https:\/\/saboresaltaneiros.pt\/?post_type=product&#038;p=3432"},"modified":"2023-11-08T15:02:24","modified_gmt":"2023-11-08T15:02:24","slug":"cabaz-covao-da-ametade","status":"publish","type":"product","link":"https:\/\/saboresaltaneiros.pt\/?product=cabaz-covao-da-ametade","title":{"rendered":"Cabaz Cov\u00e3o da Ametade"},"content":{"rendered":"<ul>\n<li>Cesto em Vime<\/li>\n<li>Queijo de Cabra Sabores Altaneiros +\/- 700g<\/li>\n<li>Queijo de Ovelha Grande Anast\u00e1cio +\/- 1kg<\/li>\n<li>Queijo de Mistura Merendeiro Sabores Altaneiros +\/- 400g<\/li>\n<li>Doce Licocampo 250g<\/li>\n<li>Mel de Alcaria 270gr<\/li>\n<li>Ginja Serra da Estrela Zimbro 200ml<\/li>\n<li>Gin snow dog cherry zimbro 700ml<\/li>\n<li>Ch\u00e1 Preto<\/li>\n<\/ul>\n<p>Queijo de Cabra Sabores Altaneiros +\/- 700g<\/p>\n<p>Ingredientes: Leite de cabra cru, coalho de origem animal e sal.<\/p>\n<p>Cont\u00e9m lactose.<\/p>\n<p>Quantidade por por\u00e7\u00e3o por 100gr:<\/p>\n<p>Valor energ\u00e9tico 348Kcal = 1442 KJ Gorduras Totais 28,8 g Gorduras Saturadas 21,1 g Hidratos de Carbono &lt;0,5 g A\u00e7ucares &lt;0,5 g Prote\u00ednas 21,0 g Sal 2,1 g<\/p>\n<p>Queijo de Ovelha Grande Anast\u00e1cio +\/- 1kg<\/p>\n<p>Ingredientes: Leite cru de ovelha, cardo (Cynara Cadunculos) e sal.<\/p>\n<p>Cont\u00e9m lactose.<\/p>\n<p>Declara\u00e7\u00e3o nutricional m\u00e9dia por 100gr:<br \/>\nValor Energ\u00e9tico: 1344Kj \/ 324Kcal<br \/>\nL\u00edpido:26,4g<br \/>\ndos quais \u00e1cidos gordos saturados: 18g<br \/>\nHidratos de Carbono: &lt;1,0g<br \/>\ndos quais a\u00e7ucares: &lt;0.5g<br \/>\nProte\u00ednas: 21,6g<br \/>\nSal: 1,91g<\/p>\n<p>Queijo de Mistura Merendeiro Sabores Altaneiros +\/- 400g<\/p>\n<p>Ingredientes:\u00a0Leite de ovelha e leite de cabra cru, coalho de origem animal e sal.<br \/>\nCont\u00e9m lactose<br \/>\nQuantidade por por\u00e7\u00e3o 100gr<br \/>\nValor energ\u00e9tico 304Kcal = 1259 KJ Gorduras Totais 24,4 g Gorduras Saturadas 17,5 g Hidratos de Carbono &lt;0,5 g A\u00e7ucares &lt;0,5 g Prote\u00ednas 20,1 g<\/p>\n<p>Doce Licocampo 250g<\/p>\n<p>Declara\u00e7\u00e3o nutricional (por 250g l por dose 100g)<br \/>\nEnergia 742Kcal, 3140 Kj \/297Kcal,1256 kJ; Prote\u00ednas 3g\/1.2g; Gordura Total: 12.25g\/4.9g; Hid. Carbono: 155g\/62g; A\u00e7\u00facares totais: 86g\/34.5g; Fibra: 1.5g\/0.6g; Sal 0.75g\/0.3g<\/p>\n<p>Mel de Alcaria 270gr<\/p>\n<p>Produzido e Embalado por:<\/p>\n<p>\u00c1lvaro Jos\u00e9 Abrantes F. Bento<\/p>\n<p>Rua da Pra\u00e7a N\u00ba28<\/p>\n<p>6230 &#8211; 022 Alcaria<\/p>\n<p>Ginja Serra da Estrela Zimbro 200ml<\/p>\n<p>Ingredientes: \u00c1lcool, \u00e1gua, a\u00e7\u00facar, aroma natural e corante E150b.<\/p>\n<p>Gin snow dog cherry zimbro 700ml<\/p>\n<p>Ingredientes: \u00c1gua, alcool, a\u00e7\u00facar e aroma natural de cereja.<\/p>\n<p>Teor alco\u00f3lico: 40%<\/p>\n<p>Ch\u00e1 preto<\/p>\n<p>Ch\u00e1 Preto do Sri Lanka (75%) e \u00cdndia (25%)<\/p>\n","protected":false},"excerpt":{"rendered":"<p>Nota: Se algum produto entrar em rutura de stock, ser\u00e1 substitu\u00eddo por outro de valor igual ou superior.<\/p>\n","protected":false},"featured_media":3468,"comment_status":"open","ping_status":"closed","template":"","meta":{"_eb_attr":"","ocean_post_layout":"","ocean_both_sidebars_style":"","ocean_both_sidebars_content_width":0,"ocean_both_sidebars_sidebars_width":0,"ocean_sidebar":"","ocean_second_sidebar":"","ocean_disable_margins":"enable","ocean_add_body_class":"","ocean_shortcode_before_top_bar":"","ocean_shortcode_after_top_bar":"","ocean_shortcode_before_header":"","ocean_shortcode_after_header":"","ocean_has_shortcode":"","ocean_shortcode_after_title":"","ocean_shortcode_before_footer_widgets":"","ocean_shortcode_after_footer_widgets":"","ocean_shortcode_before_footer_bottom":"","ocean_shortcode_after_footer_bottom":"","ocean_display_top_bar":"default","ocean_display_header":"default","ocean_header_style":"","ocean_center_header_left_menu":"","ocean_custom_header_template":"","ocean_custom_logo":0,"ocean_custom_retina_logo":0,"ocean_custom_logo_max_width":0,"ocean_custom_logo_tablet_max_width":0,"ocean_custom_logo_mobile_max_width":0,"ocean_custom_logo_max_height":0,"ocean_custom_logo_tablet_max_height":0,"ocean_custom_logo_mobile_max_height":0,"ocean_header_custom_menu":"","ocean_menu_typo_font_family":"","ocean_menu_typo_font_subset":"","ocean_menu_typo_font_size":0,"ocean_menu_typo_font_size_tablet":0,"ocean_menu_typo_font_size_mobile":0,"ocean_menu_typo_font_size_unit":"px","ocean_menu_typo_font_weight":"","ocean_menu_typo_font_weight_tablet":"","ocean_menu_typo_font_weight_mobile":"","ocean_menu_typo_transform":"","ocean_menu_typo_transform_tablet":"","ocean_menu_typo_transform_mobile":"","ocean_menu_typo_line_height":0,"ocean_menu_typo_line_height_tablet":0,"ocean_menu_typo_line_height_mobile":0,"ocean_menu_typo_line_height_unit":"","ocean_menu_typo_spacing":0,"ocean_menu_typo_spacing_tablet":0,"ocean_menu_typo_spacing_mobile":0,"ocean_menu_typo_spacing_unit":"","ocean_menu_link_color":"","ocean_menu_link_color_hover":"","ocean_menu_link_color_active":"","ocean_menu_link_background":"","ocean_menu_link_hover_background":"","ocean_menu_link_active_background":"","ocean_menu_social_links_bg":"","ocean_menu_social_hover_links_bg":"","ocean_menu_social_links_color":"","ocean_menu_social_hover_links_color":"","ocean_disable_title":"default","ocean_disable_heading":"default","ocean_post_title":"","ocean_post_subheading":"","ocean_post_title_style":"","ocean_post_title_background_color":"","ocean_post_title_background":0,"ocean_post_title_bg_image_position":"","ocean_post_title_bg_image_attachment":"","ocean_post_title_bg_image_repeat":"","ocean_post_title_bg_image_size":"","ocean_post_title_height":0,"ocean_post_title_bg_overlay":0.5,"ocean_post_title_bg_overlay_color":"","ocean_disable_breadcrumbs":"default","ocean_breadcrumbs_color":"","ocean_breadcrumbs_separator_color":"","ocean_breadcrumbs_links_color":"","ocean_breadcrumbs_links_hover_color":"","ocean_display_footer_widgets":"default","ocean_display_footer_bottom":"default","ocean_custom_footer_template":""},"product_brand":[],"product_cat":[88],"product_tag":[],"class_list":{"0":"post-3432","1":"product","2":"type-product","3":"status-publish","4":"has-post-thumbnail","6":"product_cat-cabazes-e-vouchers","8":"entry","9":"has-media","11":"first","12":"instock","13":"shipping-taxable","14":"purchasable","15":"product-type-simple","16":"has-product-nav","17":"col","18":"span_1_of_3","19":"owp-content-center","20":"owp-thumbs-layout-horizontal","21":"owp-btn-normal","22":"owp-tabs-layout-horizontal"},"_links":{"self":[{"href":"https:\/\/saboresaltaneiros.pt\/index.php?rest_route=\/wp\/v2\/product\/3432","targetHints":{"allow":["GET"]}}],"collection":[{"href":"https:\/\/saboresaltaneiros.pt\/index.php?rest_route=\/wp\/v2\/product"}],"about":[{"href":"https:\/\/saboresaltaneiros.pt\/index.php?rest_route=\/wp\/v2\/types\/product"}],"replies":[{"embeddable":true,"href":"https:\/\/saboresaltaneiros.pt\/index.php?rest_route=%2Fwp%2Fv2%2Fcomments&post=3432"}],"version-history":[{"count":0,"href":"https:\/\/saboresaltaneiros.pt\/index.php?rest_route=\/wp\/v2\/product\/3432\/revisions"}],"wp:featuredmedia":[{"embeddable":true,"href":"https:\/\/saboresaltaneiros.pt\/index.php?rest_route=\/wp\/v2\/media\/3468"}],"wp:attachment":[{"href":"https:\/\/saboresaltaneiros.pt\/index.php?rest_route=%2Fwp%2Fv2%2Fmedia&parent=3432"}],"wp:term":[{"taxonomy":"product_brand","embeddable":true,"href":"https:\/\/saboresaltaneiros.pt\/index.php?rest_route=%2Fwp%2Fv2%2Fproduct_brand&post=3432"},{"taxonomy":"product_cat","embeddable":true,"href":"https:\/\/saboresaltaneiros.pt\/index.php?rest_route=%2Fwp%2Fv2%2Fproduct_cat&post=3432"},{"taxonomy":"product_tag","embeddable":true,"href":"https:\/\/saboresaltaneiros.pt\/index.php?rest_route=%2Fwp%2Fv2%2Fproduct_tag&post=3432"}],"curies":[{"name":"wp","href":"https:\/\/api.w.org\/{rel}","templated":true}]}}