{"id":3435,"date":"2023-11-08T15:02:33","date_gmt":"2023-11-08T15:02:33","guid":{"rendered":"https:\/\/saboresaltaneiros.pt\/?post_type=product&#038;p=3435"},"modified":"2023-11-08T15:02:33","modified_gmt":"2023-11-08T15:02:33","slug":"cabaz-glaciar","status":"publish","type":"product","link":"https:\/\/saboresaltaneiros.pt\/?product=cabaz-glaciar","title":{"rendered":"Cabaz Glaciar"},"content":{"rendered":"<ul>\n<li>Cesto em Vime<\/li>\n<li>Queijo de Cabra Sabores Altaneiros +\/- 700g<\/li>\n<li>Queijo de Ovelha Curado Merendeiro Sabores Altaneiros +\/- 400g<\/li>\n<li>Queijo de Mistura Merendeiro Sabores Altaneiros +\/- 400g<\/li>\n<li>Bolachas de Amendoim com Pepitas de Chocolate Sublime 300g<\/li>\n<li>Bolos Esquecidos Sabores Altaneiros 400g<\/li>\n<li>Doce de Ab\u00f3bora Licocampo 250g<\/li>\n<li>Mel de Alcaria Rosmaninho 1kg<\/li>\n<li>Licor de Cereja do Fund\u00e3o &#8220;10 Old Cherries&#8221; 500ml<\/li>\n<li>Conjunto de 3 Licores de Doces Tradicionais Zimbro 3*100ml<\/li>\n<li>Chouri\u00e7o de Porco Preto Del\u00edcias da Quinta +\/- 700g<\/li>\n<li>Vinho 2.5 Reserva<\/li>\n<\/ul>\n<p>Queijo de Cabra Sabores Altaneiros +\/- 700g<\/p>\n<p>Ingredientes: Leite de cabra cru, coalho de origem animal e sal.<\/p>\n<p>Cont\u00e9m lactose.<\/p>\n<p>Quantidade por por\u00e7\u00e3o por 100gr:<\/p>\n<p>Valor energ\u00e9tico 348Kcal = 1442 KJ Gorduras Totais 28,8 g Gorduras Saturadas 21,1 g Hidratos de Carbono &lt;0,5 g A\u00e7ucares &lt;0,5 g Prote\u00ednas 21,0 g Sal 2,1 g<\/p>\n<p>Queijo de Ovelha Curado Merendeiro Sabores Altaneiros +\/- 400g<\/p>\n<p>Ingredientes: Leite de ovelha cru, coalho de origem vegetal e sal.<\/p>\n<p>Cont\u00e9m lactose.<\/p>\n<p>Quantidade por por\u00e7\u00e3o 100gr<\/p>\n<p>Valor energ\u00e9tico 357Kcal = 1480 KJ Gorduras Totais 29,5 g Gorduras Saturadas 21,0 g Hidratos de Carbono &lt;0,5 g A\u00e7ucares &lt;0,5 g Prote\u00ednas 22,1 g Sal 2,5 g<\/p>\n<p>Queijo de Mistura Merendeiro Sabores Altaneiros +\/- 400g<\/p>\n<p>Ingredientes:\u00a0Leite de ovelha e leite de cabra cru, coalho de origem animal e sal.<br \/>\nCont\u00e9m lactose<br \/>\nQuantidade por por\u00e7\u00e3o 100gr<br \/>\nValor energ\u00e9tico 304Kcal = 1259 KJ Gorduras Totais 24,4 g Gorduras Saturadas 17,5 g Hidratos de Carbono &lt;0,5 g A\u00e7ucares &lt;0,5 g Prote\u00ednas 20,1 g<\/p>\n<p>Bolachas de Amendoim com Pepitas de Chocolate Sublime 300g<\/p>\n<p>Ingredientes: farinha de trigo (gluten), a\u00e7\u00facar, margarina vegetal, manteiga de amendoim, amendoins, pepitas de chocolate e ovos.<\/p>\n<p>ALERG\u00c9NICOS: Farinha de Trigo,(gluten), manteiga de amendoim, amendoins, ovos<\/p>\n<p>Energia 1970 KJ\/469Kcal dos quais L\u00edpidos 17g ; Saturados 3.09g; dos quais: Hidratos de carbono 72g; A\u00e7\u00facares 23g; Fibras 1.28g; Prote\u00ednas 7.3g; Sal 0.51g<\/p>\n<p>Bolos Esquecidos Sabores Altaneiros 400g<\/p>\n<p>Ingredientes: Farinha, ovos, a\u00e7\u00facar e fermento.<\/p>\n<p>Cont\u00e9m gl\u00faten. ALERG\u00c9NICOS: Trigo, ovos e glut\u00e9n<\/p>\n<p>Energia 1356 KJ\/312Kcal dos quais L\u00edpidos 22,4g ; \u00c1cidos Gordos Saturados 2,89g; dos quais: Hidratos de carbono 33.2g; A\u00e7\u00facares 14,9g; Fibras 0.97g; Prote\u00ednas 7.01g ; Sal 0.35g ; S\u00f3dio 0.17g<\/p>\n<p>Doce de Ab\u00f3bora Licocampo 250g<\/p>\n<p>Ingredientes: Ab\u00f3bora, laranja, lim\u00e3o, canela e a\u00e7\u00facar.<\/p>\n<p>Declara\u00e7\u00e3o nutricional (por 250g l por dose 100g)<\/p>\n<p>Energia 652Kcal, 2765 Kj \/260.8 kcal,1106 kJ; Prote\u00ednas 2g\/0.8g; Gordura Total: 4.5g\/1.8g; Hid. Carbono: 150g\/60g; A\u00e7\u00facares totais: 126.7g\/50.7g; Fibra: 1.75g\/0.7g; Sal 0.25g\/0.1g<\/p>\n<p>Mel de Alcaria Rosmaninho 1kg<\/p>\n<p>Produzido e Embalado por:<br \/>\n\u00c1lvaro Jos\u00e9 Abrantes F. Bento<br \/>\nRua da Pra\u00e7a N\u00ba28<br \/>\n6230 &#8211; 022 Alcaria<\/p>\n<p>Licor de Cereja do Fund\u00e3o &#8220;10 Old Cherries&#8221; 500ml<\/p>\n<p>Ingredientes: \u00c1gua, \u00e1lcool, a\u00e7\u00facar, cerejas e corante E150.<\/p>\n<p>Teor Alco\u00f3lico: \u00a021%<\/p>\n<p>Conjunto de 3 Licores de Doces Tradicionais Zimbro 3*100ml<\/p>\n<p>Ingredientes: \u00c1gua, \u00e1lcool, a\u00e7\u00facar, leite, natas e aroma natural de chocolate, baunilha e canela.<\/p>\n<p>Teor Alco\u00f3lico: \u00a015.5%<\/p>\n<p>Chouri\u00e7o de Porco Preto Del\u00edcias da Quinta +\/- 700g<\/p>\n<p>Ingredientes: Carne de porco ib\u00e9rico de cebo, sal, pimenta branca, pimenta preta, alho, noz-moscada, lactose, dextrose, prote\u00edna de leite, leite desnatado e conservante (E-252,e-250).<\/p>\n<p>Produto sem gl\u00faten.<\/p>\n<p>Informa\u00e7\u00e3o nutricional por 100grs:\u00a0energia 451 kcal\/1968 kj; l\u00edpidos 39 g; \u00e1cidos gordos saturados 15 g; hidratos de carbono 1 g; a\u00e7\u00facares 0,7 g; prote\u00ednas 24 g; sal 3,7 g.<\/p>\n<p>Vinho 2.5 Reserva<\/p>\n","protected":false},"excerpt":{"rendered":"<p>Nota: Se algum produto entrar em rutura de stock, ser\u00e1 substitu\u00eddo por outro de valor igual ou superior.<\/p>\n","protected":false},"featured_media":3469,"comment_status":"open","ping_status":"closed","template":"","meta":{"_eb_attr":"","ocean_post_layout":"","ocean_both_sidebars_style":"","ocean_both_sidebars_content_width":0,"ocean_both_sidebars_sidebars_width":0,"ocean_sidebar":"","ocean_second_sidebar":"","ocean_disable_margins":"enable","ocean_add_body_class":"","ocean_shortcode_before_top_bar":"","ocean_shortcode_after_top_bar":"","ocean_shortcode_before_header":"","ocean_shortcode_after_header":"","ocean_has_shortcode":"","ocean_shortcode_after_title":"","ocean_shortcode_before_footer_widgets":"","ocean_shortcode_after_footer_widgets":"","ocean_shortcode_before_footer_bottom":"","ocean_shortcode_after_footer_bottom":"","ocean_display_top_bar":"default","ocean_display_header":"default","ocean_header_style":"","ocean_center_header_left_menu":"","ocean_custom_header_template":"","ocean_custom_logo":0,"ocean_custom_retina_logo":0,"ocean_custom_logo_max_width":0,"ocean_custom_logo_tablet_max_width":0,"ocean_custom_logo_mobile_max_width":0,"ocean_custom_logo_max_height":0,"ocean_custom_logo_tablet_max_height":0,"ocean_custom_logo_mobile_max_height":0,"ocean_header_custom_menu":"","ocean_menu_typo_font_family":"","ocean_menu_typo_font_subset":"","ocean_menu_typo_font_size":0,"ocean_menu_typo_font_size_tablet":0,"ocean_menu_typo_font_size_mobile":0,"ocean_menu_typo_font_size_unit":"px","ocean_menu_typo_font_weight":"","ocean_menu_typo_font_weight_tablet":"","ocean_menu_typo_font_weight_mobile":"","ocean_menu_typo_transform":"","ocean_menu_typo_transform_tablet":"","ocean_menu_typo_transform_mobile":"","ocean_menu_typo_line_height":0,"ocean_menu_typo_line_height_tablet":0,"ocean_menu_typo_line_height_mobile":0,"ocean_menu_typo_line_height_unit":"","ocean_menu_typo_spacing":0,"ocean_menu_typo_spacing_tablet":0,"ocean_menu_typo_spacing_mobile":0,"ocean_menu_typo_spacing_unit":"","ocean_menu_link_color":"","ocean_menu_link_color_hover":"","ocean_menu_link_color_active":"","ocean_menu_link_background":"","ocean_menu_link_hover_background":"","ocean_menu_link_active_background":"","ocean_menu_social_links_bg":"","ocean_menu_social_hover_links_bg":"","ocean_menu_social_links_color":"","ocean_menu_social_hover_links_color":"","ocean_disable_title":"default","ocean_disable_heading":"default","ocean_post_title":"","ocean_post_subheading":"","ocean_post_title_style":"","ocean_post_title_background_color":"","ocean_post_title_background":0,"ocean_post_title_bg_image_position":"","ocean_post_title_bg_image_attachment":"","ocean_post_title_bg_image_repeat":"","ocean_post_title_bg_image_size":"","ocean_post_title_height":0,"ocean_post_title_bg_overlay":0.5,"ocean_post_title_bg_overlay_color":"","ocean_disable_breadcrumbs":"default","ocean_breadcrumbs_color":"","ocean_breadcrumbs_separator_color":"","ocean_breadcrumbs_links_color":"","ocean_breadcrumbs_links_hover_color":"","ocean_display_footer_widgets":"default","ocean_display_footer_bottom":"default","ocean_custom_footer_template":""},"product_brand":[],"product_cat":[88],"product_tag":[],"class_list":{"0":"post-3435","1":"product","2":"type-product","3":"status-publish","4":"has-post-thumbnail","6":"product_cat-cabazes-e-vouchers","8":"entry","9":"has-media","11":"first","12":"instock","13":"shipping-taxable","14":"purchasable","15":"product-type-simple","16":"has-product-nav","17":"col","18":"span_1_of_3","19":"owp-content-center","20":"owp-thumbs-layout-horizontal","21":"owp-btn-normal","22":"owp-tabs-layout-horizontal"},"_links":{"self":[{"href":"https:\/\/saboresaltaneiros.pt\/index.php?rest_route=\/wp\/v2\/product\/3435","targetHints":{"allow":["GET"]}}],"collection":[{"href":"https:\/\/saboresaltaneiros.pt\/index.php?rest_route=\/wp\/v2\/product"}],"about":[{"href":"https:\/\/saboresaltaneiros.pt\/index.php?rest_route=\/wp\/v2\/types\/product"}],"replies":[{"embeddable":true,"href":"https:\/\/saboresaltaneiros.pt\/index.php?rest_route=%2Fwp%2Fv2%2Fcomments&post=3435"}],"version-history":[{"count":0,"href":"https:\/\/saboresaltaneiros.pt\/index.php?rest_route=\/wp\/v2\/product\/3435\/revisions"}],"wp:featuredmedia":[{"embeddable":true,"href":"https:\/\/saboresaltaneiros.pt\/index.php?rest_route=\/wp\/v2\/media\/3469"}],"wp:attachment":[{"href":"https:\/\/saboresaltaneiros.pt\/index.php?rest_route=%2Fwp%2Fv2%2Fmedia&parent=3435"}],"wp:term":[{"taxonomy":"product_brand","embeddable":true,"href":"https:\/\/saboresaltaneiros.pt\/index.php?rest_route=%2Fwp%2Fv2%2Fproduct_brand&post=3435"},{"taxonomy":"product_cat","embeddable":true,"href":"https:\/\/saboresaltaneiros.pt\/index.php?rest_route=%2Fwp%2Fv2%2Fproduct_cat&post=3435"},{"taxonomy":"product_tag","embeddable":true,"href":"https:\/\/saboresaltaneiros.pt\/index.php?rest_route=%2Fwp%2Fv2%2Fproduct_tag&post=3435"}],"curies":[{"name":"wp","href":"https:\/\/api.w.org\/{rel}","templated":true}]}}